{"id":7728,"date":"2026-01-13T15:59:03","date_gmt":"2026-01-13T08:59:03","guid":{"rendered":"https:\/\/www.atommicpower.com\/product\/selec-digital-multifunction-meter-mfm383a\/"},"modified":"2026-01-13T15:59:51","modified_gmt":"2026-01-13T08:59:51","slug":"selec-digital-multifunction-meter-mfm383a","status":"publish","type":"product","link":"https:\/\/www.atommicpower.com\/en\/product\/selec-digital-multifunction-meter-mfm383a\/","title":{"rendered":"SELEC &#8211; DIGITAL MULTIFUNCTION METER &#8211; MFM383A"},"content":{"rendered":"<p><strong>Display Specifications<\/strong><br \/>\n&#8211; Display 3 rows, LCD with Backlight Lowest 7\u00bd digit for energy display<br \/>\n&#8211; Digits : 4 <\/p>\n<p><strong>Input Specifications<\/strong><br \/>\n&#8211; Input Current Range : Nominal 5A AC (Min &#8211; 11mA, Max &#8211; 6A)<br \/>\n&#8211; Frequency : 45 to 65Hz<br \/>\n&#8211; Input Voltage Range 11 to 300V AC (L &#8211; N) 19 to 519V AC (L &#8211; L)<br \/>\n&#8211; Electrical Connection : 3\u00d8 &#8211; 3 wire, 3\u00d8 &#8211; 4 wire, 2\u00d8 &#8211; 3 wire, 1\u00d8 &#8211; 2 wire<br \/>\n&#8211; Power Consumption : 8VA max<br \/>\n&#8211; Display Scrolling : Automatic \/ Manual<br \/>\n&#8211; Display Reset : Programmable (For energy)<br \/>\n&#8211; Weight : 310 gms<br \/>\n&#8211; Supply Voltage : 100 to 240V AC, -15% to +12%, 50 \/ 60 Hz, (\u00b15%)<\/p>\n","protected":false},"excerpt":{"rendered":"<p><strong>Features<\/strong><br \/>\n&#8211; 3\u00d8 True RMS (Voltage, Current)<br \/>\n&#8211; Modbus RTU Communication (RS485) (Optional)<br \/>\n&#8211; Single Pulse Output<br \/>\n&#8211; Programmable CT \/ PT Primary \/ Secondary<br \/>\n&#8211; Energy (Active, Reactive &#038; Apparent)<br \/>\n&#8211; 3\u00d8 Power (Active, Reactive &#038; Apparent)<\/p>\n","protected":false},"featured_media":7720,"template":"","meta":[],"product_brand":[],"product_cat":[157,158],"product_tag":[],"class_list":{"0":"post-7728","1":"product","2":"type-product","3":"status-publish","4":"has-post-thumbnail","6":"product_cat-power-panel-meter-en","7":"product_cat-selec-multifunction-meter-en","9":"first","10":"instock","11":"taxable","12":"shipping-taxable","13":"product-type-simple"},"yoast_head":"<!-- This site is optimized with the Yoast SEO plugin v27.2 - https:\/\/yoast.com\/product\/yoast-seo-wordpress\/ -->\n<title>SELEC - DIGITAL MULTIFUNCTION METER - MFM383A - atommicpower<\/title>\n<meta name=\"robots\" content=\"index, follow, max-snippet:-1, max-image-preview:large, max-video-preview:-1\" \/>\n<link rel=\"canonical\" href=\"https:\/\/www.atommicpower.com\/en\/product\/selec-digital-multifunction-meter-mfm383a\/\" \/>\n<meta property=\"og:locale\" content=\"en_US\" \/>\n<meta property=\"og:type\" content=\"article\" \/>\n<meta property=\"og:title\" content=\"SELEC - DIGITAL MULTIFUNCTION METER - MFM383A - atommicpower\" \/>\n<meta property=\"og:description\" content=\"Features - 3\u00d8 True RMS (Voltage, Current) - Modbus RTU Communication (RS485) (Optional) - Single Pulse Output - Programmable CT \/ PT Primary \/ Secondary - Energy (Active, Reactive &amp; Apparent) - 3\u00d8 Power (Active, Reactive &amp; Apparent)\" \/>\n<meta property=\"og:url\" content=\"https:\/\/www.atommicpower.com\/en\/product\/selec-digital-multifunction-meter-mfm383a\/\" \/>\n<meta property=\"og:site_name\" content=\"atommicpower\" \/>\n<meta property=\"article:modified_time\" content=\"2026-01-13T08:59:51+00:00\" \/>\n<meta property=\"og:image\" content=\"https:\/\/www.atommicpower.com\/wp-content\/uploads\/2026\/01\/MFM383-A_1.jpg\" \/>\n\t<meta property=\"og:image:width\" content=\"1042\" \/>\n\t<meta property=\"og:image:height\" content=\"1042\" \/>\n\t<meta property=\"og:image:type\" content=\"image\/jpeg\" \/>\n<meta name=\"twitter:card\" content=\"summary_large_image\" \/>\n<meta name=\"twitter:label1\" content=\"Est. reading time\" \/>\n\t<meta name=\"twitter:data1\" content=\"1 minute\" \/>\n<script type=\"application\/ld+json\" class=\"yoast-schema-graph\">{\"@context\":\"https:\/\/schema.org\",\"@graph\":[{\"@type\":\"WebPage\",\"@id\":\"https:\/\/www.atommicpower.com\/en\/product\/selec-digital-multifunction-meter-mfm383a\/\",\"url\":\"https:\/\/www.atommicpower.com\/en\/product\/selec-digital-multifunction-meter-mfm383a\/\",\"name\":\"SELEC - DIGITAL MULTIFUNCTION METER - MFM383A - atommicpower\",\"isPartOf\":{\"@id\":\"https:\/\/www.atommicpower.com\/#website\"},\"primaryImageOfPage\":{\"@id\":\"https:\/\/www.atommicpower.com\/en\/product\/selec-digital-multifunction-meter-mfm383a\/#primaryimage\"},\"image\":{\"@id\":\"https:\/\/www.atommicpower.com\/en\/product\/selec-digital-multifunction-meter-mfm383a\/#primaryimage\"},\"thumbnailUrl\":\"https:\/\/www.atommicpower.com\/wp-content\/uploads\/2026\/01\/MFM383-A_1.jpg\",\"datePublished\":\"2026-01-13T08:59:03+00:00\",\"dateModified\":\"2026-01-13T08:59:51+00:00\",\"breadcrumb\":{\"@id\":\"https:\/\/www.atommicpower.com\/en\/product\/selec-digital-multifunction-meter-mfm383a\/#breadcrumb\"},\"inLanguage\":\"en-US\",\"potentialAction\":[{\"@type\":\"ReadAction\",\"target\":[\"https:\/\/www.atommicpower.com\/en\/product\/selec-digital-multifunction-meter-mfm383a\/\"]}]},{\"@type\":\"ImageObject\",\"inLanguage\":\"en-US\",\"@id\":\"https:\/\/www.atommicpower.com\/en\/product\/selec-digital-multifunction-meter-mfm383a\/#primaryimage\",\"url\":\"https:\/\/www.atommicpower.com\/wp-content\/uploads\/2026\/01\/MFM383-A_1.jpg\",\"contentUrl\":\"https:\/\/www.atommicpower.com\/wp-content\/uploads\/2026\/01\/MFM383-A_1.jpg\",\"width\":1042,\"height\":1042},{\"@type\":\"BreadcrumbList\",\"@id\":\"https:\/\/www.atommicpower.com\/en\/product\/selec-digital-multifunction-meter-mfm383a\/#breadcrumb\",\"itemListElement\":[{\"@type\":\"ListItem\",\"position\":1,\"name\":\"Home\",\"item\":\"https:\/\/www.atommicpower.com\/en\/\"},{\"@type\":\"ListItem\",\"position\":2,\"name\":\"Shop\",\"item\":\"https:\/\/www.atommicpower.com\/shop\/\"},{\"@type\":\"ListItem\",\"position\":3,\"name\":\"SELEC &#8211; DIGITAL MULTIFUNCTION METER &#8211; MFM383A\"}]},{\"@type\":\"WebSite\",\"@id\":\"https:\/\/www.atommicpower.com\/#website\",\"url\":\"https:\/\/www.atommicpower.com\/\",\"name\":\"atommicpower\",\"description\":\"\",\"potentialAction\":[{\"@type\":\"SearchAction\",\"target\":{\"@type\":\"EntryPoint\",\"urlTemplate\":\"https:\/\/www.atommicpower.com\/?s={search_term_string}\"},\"query-input\":{\"@type\":\"PropertyValueSpecification\",\"valueRequired\":true,\"valueName\":\"search_term_string\"}}],\"inLanguage\":\"en-US\"}]}<\/script>\n<!-- \/ Yoast SEO plugin. -->","yoast_head_json":{"title":"SELEC - DIGITAL MULTIFUNCTION METER - MFM383A - atommicpower","robots":{"index":"index","follow":"follow","max-snippet":"max-snippet:-1","max-image-preview":"max-image-preview:large","max-video-preview":"max-video-preview:-1"},"canonical":"https:\/\/www.atommicpower.com\/en\/product\/selec-digital-multifunction-meter-mfm383a\/","og_locale":"en_US","og_type":"article","og_title":"SELEC - DIGITAL MULTIFUNCTION METER - MFM383A - atommicpower","og_description":"Features - 3\u00d8 True RMS (Voltage, Current) - Modbus RTU Communication (RS485) (Optional) - Single Pulse Output - Programmable CT \/ PT Primary \/ Secondary - Energy (Active, Reactive & Apparent) - 3\u00d8 Power (Active, Reactive & Apparent)","og_url":"https:\/\/www.atommicpower.com\/en\/product\/selec-digital-multifunction-meter-mfm383a\/","og_site_name":"atommicpower","article_modified_time":"2026-01-13T08:59:51+00:00","og_image":[{"width":1042,"height":1042,"url":"https:\/\/www.atommicpower.com\/wp-content\/uploads\/2026\/01\/MFM383-A_1.jpg","type":"image\/jpeg"}],"twitter_card":"summary_large_image","twitter_misc":{"Est. reading time":"1 minute"},"schema":{"@context":"https:\/\/schema.org","@graph":[{"@type":"WebPage","@id":"https:\/\/www.atommicpower.com\/en\/product\/selec-digital-multifunction-meter-mfm383a\/","url":"https:\/\/www.atommicpower.com\/en\/product\/selec-digital-multifunction-meter-mfm383a\/","name":"SELEC - DIGITAL MULTIFUNCTION METER - MFM383A - atommicpower","isPartOf":{"@id":"https:\/\/www.atommicpower.com\/#website"},"primaryImageOfPage":{"@id":"https:\/\/www.atommicpower.com\/en\/product\/selec-digital-multifunction-meter-mfm383a\/#primaryimage"},"image":{"@id":"https:\/\/www.atommicpower.com\/en\/product\/selec-digital-multifunction-meter-mfm383a\/#primaryimage"},"thumbnailUrl":"https:\/\/www.atommicpower.com\/wp-content\/uploads\/2026\/01\/MFM383-A_1.jpg","datePublished":"2026-01-13T08:59:03+00:00","dateModified":"2026-01-13T08:59:51+00:00","breadcrumb":{"@id":"https:\/\/www.atommicpower.com\/en\/product\/selec-digital-multifunction-meter-mfm383a\/#breadcrumb"},"inLanguage":"en-US","potentialAction":[{"@type":"ReadAction","target":["https:\/\/www.atommicpower.com\/en\/product\/selec-digital-multifunction-meter-mfm383a\/"]}]},{"@type":"ImageObject","inLanguage":"en-US","@id":"https:\/\/www.atommicpower.com\/en\/product\/selec-digital-multifunction-meter-mfm383a\/#primaryimage","url":"https:\/\/www.atommicpower.com\/wp-content\/uploads\/2026\/01\/MFM383-A_1.jpg","contentUrl":"https:\/\/www.atommicpower.com\/wp-content\/uploads\/2026\/01\/MFM383-A_1.jpg","width":1042,"height":1042},{"@type":"BreadcrumbList","@id":"https:\/\/www.atommicpower.com\/en\/product\/selec-digital-multifunction-meter-mfm383a\/#breadcrumb","itemListElement":[{"@type":"ListItem","position":1,"name":"Home","item":"https:\/\/www.atommicpower.com\/en\/"},{"@type":"ListItem","position":2,"name":"Shop","item":"https:\/\/www.atommicpower.com\/shop\/"},{"@type":"ListItem","position":3,"name":"SELEC &#8211; DIGITAL MULTIFUNCTION METER &#8211; MFM383A"}]},{"@type":"WebSite","@id":"https:\/\/www.atommicpower.com\/#website","url":"https:\/\/www.atommicpower.com\/","name":"atommicpower","description":"","potentialAction":[{"@type":"SearchAction","target":{"@type":"EntryPoint","urlTemplate":"https:\/\/www.atommicpower.com\/?s={search_term_string}"},"query-input":{"@type":"PropertyValueSpecification","valueRequired":true,"valueName":"search_term_string"}}],"inLanguage":"en-US"}]}},"_links":{"self":[{"href":"https:\/\/www.atommicpower.com\/en\/wp-json\/wp\/v2\/product\/7728","targetHints":{"allow":["GET"]}}],"collection":[{"href":"https:\/\/www.atommicpower.com\/en\/wp-json\/wp\/v2\/product"}],"about":[{"href":"https:\/\/www.atommicpower.com\/en\/wp-json\/wp\/v2\/types\/product"}],"wp:featuredmedia":[{"embeddable":true,"href":"https:\/\/www.atommicpower.com\/en\/wp-json\/wp\/v2\/media\/7720"}],"wp:attachment":[{"href":"https:\/\/www.atommicpower.com\/en\/wp-json\/wp\/v2\/media?parent=7728"}],"wp:term":[{"taxonomy":"product_brand","embeddable":true,"href":"https:\/\/www.atommicpower.com\/en\/wp-json\/wp\/v2\/product_brand?post=7728"},{"taxonomy":"product_cat","embeddable":true,"href":"https:\/\/www.atommicpower.com\/en\/wp-json\/wp\/v2\/product_cat?post=7728"},{"taxonomy":"product_tag","embeddable":true,"href":"https:\/\/www.atommicpower.com\/en\/wp-json\/wp\/v2\/product_tag?post=7728"}],"curies":[{"name":"wp","href":"https:\/\/api.w.org\/{rel}","templated":true}]}}